{"id":532,"date":"2011-09-14T20:12:53","date_gmt":"2011-09-14T20:12:53","guid":{"rendered":"http:\/\/www.forum-polonia-houston.com\/?p=1242"},"modified":"2025-05-18T12:45:27","modified_gmt":"2025-05-18T18:45:27","slug":"polish-consul","status":"publish","type":"page","link":"https:\/\/forum-polonia-houston.com\/?page_id=532","title":{"rendered":"Polish Consulate"},"content":{"rendered":"<p style=\"text-align: center;\"><a href=\"https:\/\/www.gov.pl\/web\/usa\/konsulat-generalny-rp-w-houston\" target=\"_blank\" rel=\"noopener noreferrer\"><span style=\"color: #333333;\"><strong><img loading=\"lazy\" decoding=\"async\" class=\"aligncenter wp-image-43137 size-full\" src=\"http:\/\/www.forum-polonia-houston.com\/wp-content\/uploads\/2020\/10\/Konsulat_logo-200.jpg\" alt=\"\" width=\"200\" height=\"155\" \/><\/strong><\/span><\/a><\/p>\n<p style=\"text-align: center;\"><span style=\"color: #333333;\"><strong>Konsulat Generalny Rzeczypospolitej Polskiej w Houston<\/strong><\/span><\/p>\n<p style=\"text-align: center;\"><strong><a href=\"https:\/\/www.gov.pl\/web\/usa\/konsulat-generalny-rp-w-houston\" target=\"_blank\" rel=\"noopener noreferrer\">www.gov.pl\/web\/usa\/konsulat-generalny-rp-w-houston<\/a><\/strong><\/p>\n<p style=\"text-align: center;\"><span style=\"color: #333333;\"><strong>3040 Post Oak Blvd,\u00a0Houston, TX 77056<\/strong><\/span>, <span style=\"color: #333333;\"><strong>Suite 525,<\/strong> 5 pi\u0119tro<\/span><\/p>\n<p style=\"text-align: center;\"><span style=\"color: #333333;\"><strong>Email: houston.kg.sekretariat@msz.gov.pl<\/strong><\/span><\/p>\n<p style=\"text-align: center;\"><em><span style=\"color: #333333;\"><strong>Parking p\u0142atny<\/strong> dost\u0119pny w s\u0105siednim budynku.<\/span><\/em><\/p>\n<p>\u00a0<\/p>\n\n\n<p class=\"has-text-align-center\">W\u0142a\u015bciwo\u015b\u0107 terytorialna Konsulatu Generalnego RP w Houston obejmie nast\u0119puj\u0105ce stany: Okr\u0119g konsularny Konsulatu Generalnego Rzeczypospolitej Polskiej z siedzib\u0105 w Houston obejmuje stany:<br>Alabama, Arkansas, Floryda, Kansas, Luizjana, Mississippi, Nowy Meksyk, Oklahoma i Teksas.<\/p>\n\n\n\n<hr class=\"wp-block-separator has-text-color has-cyan-bluish-gray-color has-alpha-channel-opacity has-cyan-bluish-gray-background-color has-background\"\/>\n\n\n\n<p class=\"has-text-align-center has-white-background-color has-background\"><a href=\"http:\/\/waszyngton.msz.gov.pl\/en\/\" target=\"_blank\" rel=\"noreferrer noopener\"><strong>Embassy of the Republic of Poland in Washington<\/strong><\/a><\/p>\n","protected":false},"excerpt":{"rendered":"<p>Konsulat Generalny Rzeczypospolitej Polskiej w Houston www.gov.pl\/web\/usa\/konsulat-generalny-rp-w-houston 3040 Post Oak Blvd,\u00a0Houston, TX 77056, Suite 525, 5 pi\u0119tro Email: houston.kg.sekretariat@msz.gov.pl Parking p\u0142atny dost\u0119pny w s\u0105siednim budynku. \u00a0 W\u0142a\u015bciwo\u015b\u0107 terytorialna Konsulatu Generalnego RP w Houston obejmie nast\u0119puj\u0105ce&#8230;<\/p>\n","protected":false},"author":2,"featured_media":32660,"parent":0,"menu_order":0,"comment_status":"open","ping_status":"open","template":"","meta":{"footnotes":""},"class_list":["post-532","page","type-page","status-publish","has-post-thumbnail","hentry"],"_links":{"self":[{"href":"https:\/\/forum-polonia-houston.com\/index.php?rest_route=\/wp\/v2\/pages\/532","targetHints":{"allow":["GET"]}}],"collection":[{"href":"https:\/\/forum-polonia-houston.com\/index.php?rest_route=\/wp\/v2\/pages"}],"about":[{"href":"https:\/\/forum-polonia-houston.com\/index.php?rest_route=\/wp\/v2\/types\/page"}],"author":[{"embeddable":true,"href":"https:\/\/forum-polonia-houston.com\/index.php?rest_route=\/wp\/v2\/users\/2"}],"replies":[{"embeddable":true,"href":"https:\/\/forum-polonia-houston.com\/index.php?rest_route=%2Fwp%2Fv2%2Fcomments&post=532"}],"version-history":[{"count":53,"href":"https:\/\/forum-polonia-houston.com\/index.php?rest_route=\/wp\/v2\/pages\/532\/revisions"}],"predecessor-version":[{"id":53740,"href":"https:\/\/forum-polonia-houston.com\/index.php?rest_route=\/wp\/v2\/pages\/532\/revisions\/53740"}],"wp:featuredmedia":[{"embeddable":true,"href":"https:\/\/forum-polonia-houston.com\/index.php?rest_route=\/wp\/v2\/media\/32660"}],"wp:attachment":[{"href":"https:\/\/forum-polonia-houston.com\/index.php?rest_route=%2Fwp%2Fv2%2Fmedia&parent=532"}],"curies":[{"name":"wp","href":"https:\/\/api.w.org\/{rel}","templated":true}]}}